{"id":16,"date":"2017-11-17T07:40:11","date_gmt":"2017-11-17T07:40:11","guid":{"rendered":"http:\/\/www.plontke-online.de\/blog\/?page_id=16"},"modified":"2017-11-18T05:53:16","modified_gmt":"2017-11-18T05:53:16","slug":"ueber-mich","status":"publish","type":"page","link":"https:\/\/www.plontke-online.de\/blog\/index.php\/ueber-mich\/","title":{"rendered":"\u00dcber mich"},"content":{"rendered":"<p>Im Anschluss an meine Ausbildung an der Landesfinanzschule Bayern war ich als Beamter bei der S\u00e4chsischen Finanzverwaltung besch\u00e4ftigt. In den Wirren der Wendezeit war der direkte Weg zur Hochschulreife keine Option f\u00fcr mich gewesen, weshalb ich mich zun\u00e4chst f\u00fcr eine Berufsausbildung entschieden hatte. Mit zehn Jahren Schule wollte ich mich jedoch auf Dauer nicht zufrieden geben. Daher habe ich von 1994 bis 1997 mein Abitur am Abendgymnasium Chemnitz nachgeholt.<\/p>\n<p>Nach meinem Grundwehrdienst habe ich mich dann dazu entschlossen, ein Vollzeitstudium aufzunehmen, und den Beamtenjob daf\u00fcr an den Nagel zu h\u00e4ngen.<\/p>\n<p>Das Studium der Informatik an der TU-Chemnitz absolvierte ich von 1999 bis 2004 mit der Vertiefungsrichtung Modellierung und Simulation und dem Nebenfach Englisch. In meiner Diplomarbeit befasste ich mich mit dem Thema \u201e<em>Entwurf und Implementierung einer C++ Klassenbibliothek f\u00fcr das Optimierungssystem ISSOP und Untersuchung der Anwendbarkeit hybrider Optimierungsverfahren zur Effizienzverbesserung<\/em>\u201c. Diese schloss ich im Dezember 2004 mit der Note \u201esehr gut\u201c ab.<\/p>\n<p>Seit Januar 2005 bin ich als Softwareentwickler t\u00e4tig.<\/p>\n","protected":false},"excerpt":{"rendered":"<p>Im Anschluss an meine Ausbildung an der Landesfinanzschule Bayern war ich als Beamter bei der S\u00e4chsischen Finanzverwaltung besch\u00e4ftigt. In den Wirren der Wendezeit war der direkte Weg zur Hochschulreife keine Option f\u00fcr mich gewesen, weshalb ich mich zun\u00e4chst f\u00fcr eine Berufsausbildung entschieden hatte. Mit zehn Jahren Schule wollte ich mich jedoch auf Dauer nicht zufrieden &hellip; <\/p>\n<p class=\"link-more\"><a href=\"https:\/\/www.plontke-online.de\/blog\/index.php\/ueber-mich\/\" class=\"more-link\"><span class=\"screen-reader-text\">\u201e\u00dcber mich\u201c <\/span>weiterlesen<\/a><\/p>\n","protected":false},"author":1,"featured_media":5,"parent":0,"menu_order":0,"comment_status":"closed","ping_status":"closed","template":"","meta":{"_crdt_document":"","footnotes":""},"class_list":["post-16","page","type-page","status-publish","has-post-thumbnail","hentry"],"_links":{"self":[{"href":"https:\/\/www.plontke-online.de\/blog\/index.php\/wp-json\/wp\/v2\/pages\/16","targetHints":{"allow":["GET"]}}],"collection":[{"href":"https:\/\/www.plontke-online.de\/blog\/index.php\/wp-json\/wp\/v2\/pages"}],"about":[{"href":"https:\/\/www.plontke-online.de\/blog\/index.php\/wp-json\/wp\/v2\/types\/page"}],"author":[{"embeddable":true,"href":"https:\/\/www.plontke-online.de\/blog\/index.php\/wp-json\/wp\/v2\/users\/1"}],"replies":[{"embeddable":true,"href":"https:\/\/www.plontke-online.de\/blog\/index.php\/wp-json\/wp\/v2\/comments?post=16"}],"version-history":[{"count":12,"href":"https:\/\/www.plontke-online.de\/blog\/index.php\/wp-json\/wp\/v2\/pages\/16\/revisions"}],"predecessor-version":[{"id":81,"href":"https:\/\/www.plontke-online.de\/blog\/index.php\/wp-json\/wp\/v2\/pages\/16\/revisions\/81"}],"wp:featuredmedia":[{"embeddable":true,"href":"https:\/\/www.plontke-online.de\/blog\/index.php\/wp-json\/wp\/v2\/media\/5"}],"wp:attachment":[{"href":"https:\/\/www.plontke-online.de\/blog\/index.php\/wp-json\/wp\/v2\/media?parent=16"}],"curies":[{"name":"wp","href":"https:\/\/api.w.org\/{rel}","templated":true}]}}