{"id":40,"date":"2017-11-17T08:41:36","date_gmt":"2017-11-17T08:41:36","guid":{"rendered":"http:\/\/www.plontke-online.de\/blog\/?page_id=40"},"modified":"2017-11-20T08:29:26","modified_gmt":"2017-11-20T08:29:26","slug":"my-strava","status":"publish","type":"page","link":"https:\/\/www.plontke-online.de\/blog\/index.php\/my-strava\/","title":{"rendered":"\u00dcber Strava"},"content":{"rendered":"<p>Strava ist ein soziales Netzwerk f\u00fcr Sportler. Es bietet die M\u00f6glichkeit die Daten von GPS-Ger\u00e4ten und Fitnesstrackern hersteller\u00fcbergreifend zu teilen, auszuwerten und zu dokumentieren.<\/p>\n<p>Als begeisterter Radfahrer lade ich meine Aktivit\u00e4ten regelm\u00e4\u00dfig bei Strava hoch. Die aktuelle Wochenstatistik zeigt, ob ich aktiv bin, oder ob mich gerade in der Saisonpause erhole.<br \/>\n<iframe loading=\"lazy\" src=\"https:\/\/www.strava.com\/athletes\/8835127\/activity-summary\/86b665bef59bd49f4dc694ff544421a15f2847d4\" width=\"300\" height=\"160\" frameborder=\"0\" scrolling=\"no\"><\/iframe><\/p>\n<p>Neben den genialen Kommentarfunktionen, sch\u00e4tze ich an Strava vor allem die Langzeitmotivation durch wechselnde Herausforderungen und die Jagd nach KOMs (King Of Mountain), eine Art virtuelle Wettfahrt, die inzwischen sogar von den aktuellen Garmin-Ger\u00e4ten unterst\u00fctzt wird.<\/p>\n<p>Au\u00dferdem kann man Strava sehr gut als digitales Radfahr-Fotoalbum verwenden.<\/p>\n<p>\u00dcber Webschnittstellen bietet Strava au\u00dferdem die M\u00f6glichkeit Tools von Drittanbietern und freien Entwicklern einzubinden und ihnen Zugriff auf die Datenbasis zu geben. Das m\u00f6chte ich bei Gelegenheit demn\u00e4chst mal im Blog vorstellen.<\/p>\n<p>Das Ganze ist in der Standardversion \u00fcbrigens sogar kostenlos. Es kostet <em>nur<\/em> unsere Daten&#8230; aber das interessiert uns ja bei Fakebook und Whatsapp und Instadings auch nicht wirklich&#8230;<\/p>\n<h1>Meine Saison-Highlights 2017:<\/h1>\n<p>Speed matters &#8211; Die Hausrunde mit einem 34er Schnitt:<br \/>\n<iframe loading=\"lazy\" src=\"https:\/\/www.strava.com\/activities\/986383538\/embed\/996e6b3917cbc054d2600a2568aee3cec15881de\" width=\"590\" height=\"405\" frameborder=\"0\" scrolling=\"no\"><\/iframe><\/p>\n<p>Sch\u00f6ne Tour am Gardasee &#8211; mit fr\u00fchem Start, um der gro\u00dfen Hitze zu entgehen:<br \/>\n<iframe loading=\"lazy\" src=\"https:\/\/www.strava.com\/activities\/1072954898\/embed\/d6863ed064b70094c39ae805403d232619ae773f\" width=\"590\" height=\"405\" frameborder=\"0\" scrolling=\"no\"><\/iframe><\/p>\n<p>Die l\u00e4ngste Runde des Jahres und danach noch 3,8 km Ausschwimmen beim 24-Stunden-Schwimmen im Limbomar in Limbach-O.:<br \/>\n<iframe loading=\"lazy\" src=\"https:\/\/www.strava.com\/activities\/1186795298\/embed\/8f83e56af047ca62918120c59c6d2e55151a90cb\" width=\"590\" height=\"405\" frameborder=\"0\" scrolling=\"no\"><\/iframe><\/p>\n<p>Immer wieder gern &#8211; die Tour zum Fichtelberg:<br \/>\n<iframe loading=\"lazy\" src=\"https:\/\/www.strava.com\/activities\/1197909359\/embed\/e5f4d1e9203e329c2a7702c6c88c82b21cc37439\" width=\"590\" height=\"405\" frameborder=\"0\" scrolling=\"no\"><\/iframe><\/p>\n","protected":false},"excerpt":{"rendered":"<p>Strava ist ein soziales Netzwerk f\u00fcr Sportler. Es bietet die M\u00f6glichkeit die Daten von GPS-Ger\u00e4ten und Fitnesstrackern hersteller\u00fcbergreifend zu teilen, auszuwerten und zu dokumentieren. Als begeisterter Radfahrer lade ich meine Aktivit\u00e4ten regelm\u00e4\u00dfig bei Strava hoch. Die aktuelle Wochenstatistik zeigt, ob ich aktiv bin, oder ob mich gerade in der Saisonpause erhole. Neben den genialen Kommentarfunktionen, &hellip; <\/p>\n<p class=\"link-more\"><a href=\"https:\/\/www.plontke-online.de\/blog\/index.php\/my-strava\/\" class=\"more-link\"><span class=\"screen-reader-text\">\u201e\u00dcber Strava\u201c <\/span>weiterlesen<\/a><\/p>\n","protected":false},"author":1,"featured_media":9,"parent":0,"menu_order":0,"comment_status":"closed","ping_status":"closed","template":"","meta":{"_crdt_document":"","footnotes":""},"class_list":["post-40","page","type-page","status-publish","has-post-thumbnail","hentry"],"_links":{"self":[{"href":"https:\/\/www.plontke-online.de\/blog\/index.php\/wp-json\/wp\/v2\/pages\/40","targetHints":{"allow":["GET"]}}],"collection":[{"href":"https:\/\/www.plontke-online.de\/blog\/index.php\/wp-json\/wp\/v2\/pages"}],"about":[{"href":"https:\/\/www.plontke-online.de\/blog\/index.php\/wp-json\/wp\/v2\/types\/page"}],"author":[{"embeddable":true,"href":"https:\/\/www.plontke-online.de\/blog\/index.php\/wp-json\/wp\/v2\/users\/1"}],"replies":[{"embeddable":true,"href":"https:\/\/www.plontke-online.de\/blog\/index.php\/wp-json\/wp\/v2\/comments?post=40"}],"version-history":[{"count":9,"href":"https:\/\/www.plontke-online.de\/blog\/index.php\/wp-json\/wp\/v2\/pages\/40\/revisions"}],"predecessor-version":[{"id":133,"href":"https:\/\/www.plontke-online.de\/blog\/index.php\/wp-json\/wp\/v2\/pages\/40\/revisions\/133"}],"wp:featuredmedia":[{"embeddable":true,"href":"https:\/\/www.plontke-online.de\/blog\/index.php\/wp-json\/wp\/v2\/media\/9"}],"wp:attachment":[{"href":"https:\/\/www.plontke-online.de\/blog\/index.php\/wp-json\/wp\/v2\/media?parent=40"}],"curies":[{"name":"wp","href":"https:\/\/api.w.org\/{rel}","templated":true}]}}