{"id":43,"date":"2017-11-17T08:44:22","date_gmt":"2017-11-17T08:44:22","guid":{"rendered":"http:\/\/www.plontke-online.de\/blog\/?page_id=43"},"modified":"2017-11-20T20:51:48","modified_gmt":"2017-11-20T20:51:48","slug":"fotografie","status":"publish","type":"page","link":"https:\/\/www.plontke-online.de\/blog\/index.php\/fotografie\/","title":{"rendered":"Fotografie"},"content":{"rendered":"<p>Seit vielen Jahren bin ich als Hobbyfotograf unterwegs. Die Intensit\u00e4t mit der ich diesem Hobby nachgehe, schwankt jedoch von Zeit zu Zeit etwas. Intensivere Phasen wechseln sich mit einfacher Knipserei ab. Auf dieser Seite m\u00f6chte ich kurz meine aktuelle Fotoausr\u00fcstung vorstellen und \u00fcber meine bisherigen Erfahrungen berichten.<\/p>\n<p>Nachdem ich lange zu den begeisterterten Anh\u00e4ngern der analogen Fotografie z\u00e4hlte, bin ich inzwischen vollst\u00e4ndig in der digitalen Welt angekommen. Vor allem sch\u00e4tze ich die in der analogen Zeit noch undenkbaren M\u00f6glichkeiten, welche sich mit der direkten Bearbeitung von RAW-Dateien bieten. Das Eingreifen in den Entwicklungsprozess, das nachtr\u00e4gliche Festlegen von Belichtung und Bildausschnitt, war fr\u00fcher f\u00fcr einen normalen Hobbyfotografen unvorstellbar. Mit der EOS 6D ist Canon mittlerweile ein vollwertiger Ersatz im digitalen Vollformat f\u00fcr meine ehemals geliebte EOS 3 gelungen. Aus der analogen Zeit vermisse ich lediglich das sonore Rauschen des Leica-Projektors w\u00e4hrend der Diaabende.<\/p>\n<h2>Meine inzwischen bew\u00e4hrte Ausr\u00fcstung<\/h2>\n<h3>Geh\u00e4use:<\/h3>\n<p>Canon EOS 6D<\/p>\n<h3>Objektive:<\/h3>\n<p>Canon EF 2.8\/20 USM<br \/>\nCanon EF 2.8\/28<br \/>\nCanon EF 1.8\/50<br \/>\nCanon EF 3.5-4.5\/70-210 USM<\/p>\n<h3>Blitz:<\/h3>\n<p>Canon Speedlite 430 EX<\/p>\n<h3>Filter:<\/h3>\n<p>B+W Polfilter circ. MRC Slim 52mm<br \/>\nHama Polfilter circ. 72mm<\/p>\n<h3>Stativ:<\/h3>\n<p>Manfrotto Befree Reisestativ<\/p>\n","protected":false},"excerpt":{"rendered":"<p>Seit vielen Jahren bin ich als Hobbyfotograf unterwegs. Die Intensit\u00e4t mit der ich diesem Hobby nachgehe, schwankt jedoch von Zeit zu Zeit etwas. Intensivere Phasen wechseln sich mit einfacher Knipserei ab. Auf dieser Seite m\u00f6chte ich kurz meine aktuelle Fotoausr\u00fcstung vorstellen und \u00fcber meine bisherigen Erfahrungen berichten. Nachdem ich lange zu den begeisterterten Anh\u00e4ngern der &hellip; <\/p>\n<p class=\"link-more\"><a href=\"https:\/\/www.plontke-online.de\/blog\/index.php\/fotografie\/\" class=\"more-link\"><span class=\"screen-reader-text\">\u201eFotografie\u201c <\/span>weiterlesen<\/a><\/p>\n","protected":false},"author":1,"featured_media":8,"parent":0,"menu_order":0,"comment_status":"closed","ping_status":"closed","template":"","meta":{"_crdt_document":"","footnotes":""},"class_list":["post-43","page","type-page","status-publish","has-post-thumbnail","hentry"],"_links":{"self":[{"href":"https:\/\/www.plontke-online.de\/blog\/index.php\/wp-json\/wp\/v2\/pages\/43","targetHints":{"allow":["GET"]}}],"collection":[{"href":"https:\/\/www.plontke-online.de\/blog\/index.php\/wp-json\/wp\/v2\/pages"}],"about":[{"href":"https:\/\/www.plontke-online.de\/blog\/index.php\/wp-json\/wp\/v2\/types\/page"}],"author":[{"embeddable":true,"href":"https:\/\/www.plontke-online.de\/blog\/index.php\/wp-json\/wp\/v2\/users\/1"}],"replies":[{"embeddable":true,"href":"https:\/\/www.plontke-online.de\/blog\/index.php\/wp-json\/wp\/v2\/comments?post=43"}],"version-history":[{"count":8,"href":"https:\/\/www.plontke-online.de\/blog\/index.php\/wp-json\/wp\/v2\/pages\/43\/revisions"}],"predecessor-version":[{"id":139,"href":"https:\/\/www.plontke-online.de\/blog\/index.php\/wp-json\/wp\/v2\/pages\/43\/revisions\/139"}],"wp:featuredmedia":[{"embeddable":true,"href":"https:\/\/www.plontke-online.de\/blog\/index.php\/wp-json\/wp\/v2\/media\/8"}],"wp:attachment":[{"href":"https:\/\/www.plontke-online.de\/blog\/index.php\/wp-json\/wp\/v2\/media?parent=43"}],"curies":[{"name":"wp","href":"https:\/\/api.w.org\/{rel}","templated":true}]}}