{"id":479,"date":"2018-09-10T07:33:46","date_gmt":"2018-09-10T07:33:46","guid":{"rendered":"http:\/\/www.plontke-online.de\/blog\/?page_id=479"},"modified":"2018-09-30T10:30:08","modified_gmt":"2018-09-30T10:30:08","slug":"datenschutzerklaerung","status":"publish","type":"page","link":"https:\/\/www.plontke-online.de\/blog\/index.php\/datenschutzerklaerung\/","title":{"rendered":"Datenschutzerkl\u00e4rung"},"content":{"rendered":"<p>Ich informiere Sie nachfolgend gem\u00e4\u00df den gesetzlichen Vorgaben des Datenschutzrechts (insb. gem\u00e4\u00df BDSG n.F. und der europ\u00e4ischen Datenschutz-Grundverordnung \u201aDS-GVO\u2018) \u00fcber die Art, den Umfang und Zweck der Verarbeitung personenbezogener Daten. Diese Datenschutzerkl\u00e4rung gilt auch f\u00fcr meine Websites und Sozial-Media-Profile. Bez\u00fcglich der Definition von Begriffen wie etwa \u201epersonenbezogene Daten\u201c oder \u201eVerarbeitung\u201c verweise ich auf Art. 4 DS-GVO.<\/p>\n<p><strong>Name und Kontaktdaten des \/ der Verantwortlichen<\/strong><br \/>\nVerantwortliche\/r (nachfolgend \u201eVerantwortlicher\u201c) i.S.d. Art. 4 Zif. 7 DS-GVO ist:<\/p>\n<p>Ronny Plontke<br \/>\nKnaum\u00fchlenweg 51<br \/>\n09212 Limbach-Oberfrohna<br \/>\nE-Mail-Adresse: mail (at) ronny-plontke (.) de<\/p>\n<p><strong>Datenarten, Zwecke der Verarbeitung und Kategorien betroffener Personen<\/strong><\/p>\n<p>Nachfolgend informiere ich Sie \u00fcber Art, Umfang und Zweck der Erhebung, Verarbeitung und Nutzung personenbezogener Daten.<\/p>\n<p><strong>1. Arten der Daten, die verarbeitet werden<\/strong><br \/>\nNutzungsdaten (Zugriffszeiten, besuchte Websites etc.), Kommunikationsdaten (IP-Adresse etc.),<\/p>\n<p><strong>2. Zwecke der Verarbeitung nach Art. 13 Abs. 1 c) DS-GVO<\/strong><br \/>\nUnterbrechungsfreier, sicherer Betrieb der Website.<\/p>\n<p><strong>3. Kategorien der betroffenen Personen nach Art. 13 Abs. 1 e) DS-GVO<\/strong><br \/>\nBesucher\/Nutzer der Website.<\/p>\n<p>Die betroffenen Personen werden zusammenfassend als \u201eNutzer\u201c bezeichnet.<\/p>\n<p><strong>Rechtsgrundlagen der Verarbeitung personenbezogener Daten<\/strong><\/p>\n<p>Nachfolgend informiere ich Sie \u00fcber die Rechtsgrundlagen der Verarbeitung personenbezogener Daten:<\/p>\n<ol style=\"margin: 10px 0px; padding: 15px;\">\n<li style=\"list-style-type: none;\">\n<ol style=\"margin: 10px 0px; padding: 15px;\">\n<li>Wenn Ihre Einwilligung f\u00fcr die Verarbeitung personenbezogenen Daten eingeholt wurde, ist Art. 6 Abs. 1 S. 1 lit. a) DS-GVO Rechtsgrundlage.<\/li>\n<li>Ist die Verarbeitung zur Erf\u00fcllung eines Vertrags oder zur Durchf\u00fchrung vorvertraglicher Ma\u00dfnahmen erforderlich, die auf Ihre Anfrage hin erfolgen, so ist Art. 6 Abs. 1 S. 1 lit. b) DS-GVO Rechtsgrundlage.<\/li>\n<li>Ist die Verarbeitung zur Erf\u00fcllung einer rechtlichen Verpflichtung erforderlich, der ich unterliege (z.B. gesetzliche Aufbewahrungspflichten), so ist Art. 6 Abs. 1 S. 1 lit. c) DS-GVO Rechtsgrundlage.<\/li>\n<li>Ist die Verarbeitung erforderlich, um lebenswichtige Interessen der betroffenen Person oder einer anderen nat\u00fcrlichen Person zu sch\u00fctzen, so ist Art. 6 Abs. 1 S. 1 lit. d) DS-GVO Rechtsgrundlage.<\/li>\n<li>Ist die Verarbeitung zur Wahrung meiner oder der berechtigten Interessen eines Dritten erforderlich und \u00fcberwiegen diesbez\u00fcglich Ihre Interessen oder Grundrechte und Grundfreiheiten nicht, so ist Art. 6 Abs. 1 S. 1 lit. f) DS-GVO Rechtsgrundlage.<\/li>\n<\/ol>\n<\/li>\n<\/ol>\n<p><strong>Weitergabe personenbezogener Daten an Dritte und Auftragsverarbeiter<\/strong><\/p>\n<p>Ohne Ihre Einwilligung gebe ich grunds\u00e4tzlich keine Daten an Dritte weiter. Sollte dies doch der Fall sein, dann erfolgt die Weitergabe auf der Grundlage der zuvor genannten Rechtsgrundlagen z.B. bei der Weitergabe von Daten an Online-Paymentanbieter zur Vertragserf\u00fcllung oder aufgrund gerichtlicher Anordnung oder wegen einer gesetzlichen Verpflichtung zur Herausgabe der Daten zum Zwecke der Strafverfolgung, zur Gefahrenabwehr oder zur Durchsetzung der Rechte am geistigen Eigentum.<br \/>\nIch setze zudem Auftragsverarbeiter (externe Dienstleister z.B. zum Webhosting meiner Websites und Datenbanken) zur Verarbeitung Ihrer Daten ein. Wenn im Rahmen einer Vereinbarung zur Auftragsverarbeitung an die Auftragsverarbeiter Daten weitergegeben werden, erfolgt dies immer nach Art. 28 DS-GVO. Ich w\u00e4hle dabei den Auftragsverarbeiter sorgf\u00e4ltig aus, kontrolliere diesen regelm\u00e4\u00dfig und habe mir ein Weisungsrecht hinsichtlich der Daten einr\u00e4umen lassen. Zudem m\u00fcssen die Auftragsverarbeiter geeignete technische und organisatorische Ma\u00dfnahmen getroffen haben und die Datenschutzvorschriften gem. BDSG n.F. und DS-GVO einhalten<\/p>\n<p><strong>Daten\u00fcbermittlung in Drittstaaten<\/strong><\/p>\n<p>Durch die Verabschiedung der europ\u00e4ischen Datenschutz-Grundverordnung (DS-GVO) wurde eine einheitliche Grundlage f\u00fcr den Datenschutz in Europa geschaffen. Ihre Daten werden daher vorwiegend durch Unternehmen verarbeitet, f\u00fcr die DS-GVO Anwendung findet. Sollte doch die Verarbeitung durch Dienste Dritter au\u00dferhalb der Europ\u00e4ischen Union oder des Europ\u00e4ischen Wirtschaftsraums stattfinden, so m\u00fcssen diese die besonderen Voraussetzungen der Art. 44 ff. DS-GVO erf\u00fcllen. Das bedeutet, die Verarbeitung erfolgt aufgrund besonderer Garantien, wie etwa die von der EU-Kommission offiziell anerkannte Feststellung eines der EU entsprechenden Datenschutzniveaus oder der Beachtung offiziell anerkannter spezieller vertraglicher Verpflichtungen, der so genannten \u201eStandardvertragsklauseln\u201c. Bei US-Unternehmen erf\u00fcllt die Unterwerfung unter das sog. \u201ePrivacy-Shield\u201c, dem Datenschutzabkommen zwischen der EU und den USA, diese Voraussetzungen.<\/p>\n<p><strong>L\u00f6schung von Daten und Speicherdauer<\/strong><\/p>\n<p>Sofern nicht in dieser Datenschutzerkl\u00e4rung ausdr\u00fccklich angegeben, werden Ihre personenbezogen Daten gel\u00f6scht oder gesperrt, sobald der Zweck f\u00fcr die Speicherung entf\u00e4llt, es sei denn deren weitere Aufbewahrung ist zu Beweiszwecken erforderlich oder dem stehen gesetzliche Aufbewahrungspflichten entgegenstehen. Darunter fallen etwa handelsrechtliche Aufbewahrungspflichten von Gesch\u00e4ftsbriefen nach \u00a7 257 Abs. 1 HGB (6 Jahre) sowie steuerrechtliche Aufbewahrungspflichten nach \u00a7 147 Abs. 1 AO von Belegen (10 Jahre). Wenn die vorgeschriebene Aufbewahrungsfrist abl\u00e4uft, erfolgt eine Sperrung oder L\u00f6schung Ihrer Daten, es sei denn die Speicherung ist weiterhin f\u00fcr einen Vertragsabschluss oder zur Vertragserf\u00fcllung erforderlich.<\/p>\n<p><strong>Bestehen einer automatisierten Entscheidungsfindung<\/strong><\/p>\n<p>Ich setze keine automatische Entscheidungsfindung oder ein Profiling ein.<\/p>\n<p><strong>Bereitstellung dieser Website und Erstellung von Logfiles<\/strong><\/p>\n<ol style=\"margin: 10px 0px; padding: 15px;\">\n<li>Wenn Sie diese Webseite lediglich informatorisch nutzen (also keine Registrierung und auch keine anderweitige \u00dcbermittlung von Informationen), erhebe ich nur die personenbezogenen Daten, die Ihr Browser an den Server \u00fcbermittelt. Wenn Sie meine Website betrachten m\u00f6chten, erhebe ich die folgenden Daten:<br \/>\n\u2022 IP-Adresse;<br \/>\n\u2022 Internet-Service-Provider des Nutzers;<br \/>\n\u2022 Datum und Uhrzeit des Abrufs;<br \/>\n\u2022 Browsertyp;<br \/>\n\u2022 Sprache und Browser-Version;<br \/>\n\u2022 Inhalt des Abrufs;<br \/>\n\u2022 Zeitzone;<br \/>\n\u2022 Zugriffsstatus\/HTTP-Statuscode;<br \/>\n\u2022 Datenmenge;<br \/>\n\u2022 Websites, von denen die Anforderung kommt;<br \/>\n\u2022 Betriebssystem.<br \/>\nEine Speicherung dieser Daten zusammen mit anderen personenbezogenen Daten von Ihnen findet nicht statt.<\/li>\n<li>Diese Daten dienen dem Zweck der nutzerfreundlichen, funktionsf\u00e4higen und sicheren Auslieferung der Website an Sie mit Funktionen und Inhalten sowie deren Optimierung und statistischen Auswertung.<\/li>\n<li>Rechtsgrundlage hierf\u00fcr ist das in den obigen Zwecken auch liegende berechtigte Interesse an der Datenverarbeitung nach Art. 6 Abs. 1 S.1 lit. f) DS-GVO.<\/li>\n<li>Ich speichere aus Sicherheitsgr\u00fcnden diese Daten in Server-Logfiles f\u00fcr die Speicherdauer von 14 Tagen. Nach Ablauf dieser Frist werden diese automatisch gel\u00f6scht, es sei denn deren Aufbewahrung wird zu Beweiszwecken bei Angriffen auf die Serverinfrastruktur oder anderen Rechtsverletzungen ben\u00f6tigt.<\/li>\n<\/ol>\n<p><strong>Rechte der betroffenen Person<\/strong><\/p>\n<ol style=\"margin: 10px 0px; padding: 15px;\">\n<li style=\"list-style-type: none;\">\n<ol style=\"margin: 10px 0px; padding: 15px;\">\n<li><strong><strong>Widerspruch oder Widerruf gegen die Verarbeitung Ihrer Daten<\/strong><\/strong>Soweit die Verarbeitung auf Ihrer Einwilligung gem\u00e4\u00df Art. 6 Abs. 1 S. 1 lit. a), Art. 7 DS-GVO beruht, haben Sie das Recht, die Einwilligung jederzeit zu widerrufen. Die Rechtm\u00e4\u00dfigkeit der aufgrund der Einwilligung bis zum Widerruf erfolgten Verarbeitung wird dadurch nicht ber\u00fchrt.\n<p>Soweit sich die Verarbeitung Ihrer personenbezogenen Daten auf die Interessenabw\u00e4gung gem\u00e4\u00df Art. 6 Abs. 1 S. 1 lit. f) DS-GVO st\u00fctzt, k\u00f6nnen Sie Widerspruch gegen die Verarbeitung einlegen. Dies ist der Fall, wenn die Verarbeitung insbesondere nicht zur Erf\u00fcllung eines Vertrags mit Ihnen erforderlich ist, was von mir jeweils bei der nachfolgenden Beschreibung der Funktionen dargestellt wird. Bei Aus\u00fcbung eines solchen Widerspruchs bitte ich um Darlegung der Gr\u00fcnde, weshalb Ihre personenbezogenen Daten nicht wie durchgef\u00fchrt verarbeitet werden sollten. Im Falle Ihres begr\u00fcndeten Widerspruchs pr\u00fcfe ich die Sachlage und werde entweder die Datenverarbeitung einstellen bzw. anpassen oder Ihnen meine zwingenden schutzw\u00fcrdigen Gr\u00fcnde aufzeigen, aufgrund derer ich die Verarbeitung fortf\u00fchre.<\/p>\n<p>Sie k\u00f6nnen der Verarbeitung Ihrer personenbezogenen Daten f\u00fcr Zwecke der Werbung und Datenanalyse jederzeit widersprechen. Das Widerspruchsrecht k\u00f6nnen Sie kostenfrei aus\u00fcben. \u00dcber Ihren Werbewiderspruch k\u00f6nnen Sie mich unter folgenden Kontaktdaten informieren:<\/p>\n<p><strong>Ronny Plontke<br \/>\nKnaum\u00fchlenweg 51<br \/>\n09212 Limbach-Oberfrohna<br \/>\nE-Mail-Adresse: mail (at) ronny-plontke (.) de<br \/>\n<\/strong><\/li>\n<li><strong>Recht auf Auskunft<\/strong><br \/>\nSie haben das Recht, von mir eine Best\u00e4tigung dar\u00fcber zu verlangen, ob Sie betreffende personenbezogene Daten verarbeitet werden. Sofern dies der Fall ist, haben Sie ein Recht auf Auskunft \u00fcber Ihre bei mir gespeicherten pers\u00f6nlichen Daten nach Art. 15 DS-GVO. Dies beinhaltet insbesondere die Auskunft \u00fcber die Verarbeitungszwecke, die Kategorie der personenbezogenen Daten, die Kategorien von Empf\u00e4ngern, gegen\u00fcber denen Ihre Daten offengelegt wurden oder werden, die geplante Speicherdauer, die Herkunft ihrer Daten, sofern diese nicht direkt bei Ihnen erhoben wurden.<\/li>\n<li><strong>Recht auf Berichtigung<\/strong><br \/>\nSie haben ein Recht auf Berichtigung unrichtiger oder auf Vervollst\u00e4ndigung richtiger Daten nach Art. 16 DS-GVO.<\/li>\n<li><strong>Recht auf L\u00f6schung<\/strong><br \/>\nSie haben ein Recht auf L\u00f6schung Ihrer gespeicherten Daten nach Art. 17 DS-GVO, es sei denn gesetzliche oder vertraglichen Aufbewahrungsfristen oder andere gesetzliche Pflichten bzw. Rechte zur weiteren Speicherung stehen dieser entgegen.<\/li>\n<li><strong>Recht auf Einschr\u00e4nkung<\/strong><br \/>\nSie haben das Recht, eine Einschr\u00e4nkung bei der Verarbeitung Ihrer personenbezogenen Daten zu verlangen, wenn eine der Voraussetzungen in Art. 18 Abs. 1 lit. a) bis d) DS-GVO erf\u00fcllt ist:<br \/>\n\u2022 Wenn Sie die Richtigkeit der Sie betreffenden personenbezogenen f\u00fcr eine Dauer bestreiten, die es dem Verantwortlichen erm\u00f6glicht, die Richtigkeit der personenbezogenen Daten zu \u00fcberpr\u00fcfen;<\/p>\n<p>\u2022 die Verarbeitung unrechtm\u00e4\u00dfig ist und Sie die L\u00f6schung der personenbezogenen Daten ablehnen und stattdessen die Einschr\u00e4nkung der Nutzung der personenbezogenen Daten verlangen;<\/p>\n<p>\u2022 der Verantwortliche die personenbezogenen Daten f\u00fcr die Zwecke der Verarbeitung nicht l\u00e4nger ben\u00f6tigt, Sie diese jedoch zur Geltendmachung, Aus\u00fcbung oder Verteidigung von Rechtsanspr\u00fcchen ben\u00f6tigen, oder<\/p>\n<p>\u2022 wenn Sie Widerspruch gegen die Verarbeitung gem\u00e4\u00df Art. 21 Abs. 1 DS-GVO eingelegt haben und noch nicht feststeht, ob die berechtigten Gr\u00fcnde des Verantwortlichen gegen\u00fcber Ihren Gr\u00fcnden \u00fcberwiegen.<\/li>\n<li><strong>Recht auf Daten\u00fcbertragbarkeit<\/strong><br \/>\nSie haben ein Recht auf Daten\u00fcbertragbarkeit nach Art. 20 DS-GVO, was bedeutet, dass Sie die \u00fcber Sie gespeicherten personenbezogenen Daten in einem strukturierten, g\u00e4ngigen und maschinenlesbaren Format erhalten k\u00f6nnen oder die \u00dcbermittlung an einen anderen Verantwortlichen verlangen k\u00f6nnen.<\/li>\n<li><strong>Recht auf Beschwerde<\/strong><br \/>\nSie haben ein Recht auf Beschwerde bei einer Aufsichtsbeh\u00f6rde. In der Regel k\u00f6nnen Sie sich hierf\u00fcr an die Aufsichtsbeh\u00f6rde insbesondere in dem Mitgliedstaat ihres Aufenthaltsorts, ihres Arbeitsplatzes oder des Orts des mutma\u00dflichen Versto\u00dfes wenden.<\/li>\n<\/ol>\n<\/li>\n<\/ol>\n<p><strong>Datensicherheit<\/strong><\/p>\n<p>Au\u00dfer den oben genannten technischen Netzwerktransferdaten des Internet Protocol Stacks (IP) werden keine weiteren personenbezogen Daten \u00fcber diese Webseite \u00fcbermittelt.<\/p>\n<p><strong>Stand: 10.09.2018<\/strong><\/p>\n<p>Vorlage: <a href=\"https:\/\/www.juraforum.de\/datenschutzerklaerung-muster\/\">Datenschutzerkl\u00e4rung Generator von JuraForum.de<\/a><\/p>\n","protected":false},"excerpt":{"rendered":"<p>Ich informiere Sie nachfolgend gem\u00e4\u00df den gesetzlichen Vorgaben des Datenschutzrechts (insb. gem\u00e4\u00df BDSG n.F. und der europ\u00e4ischen Datenschutz-Grundverordnung \u201aDS-GVO\u2018) \u00fcber die Art, den Umfang und Zweck der Verarbeitung personenbezogener Daten. Diese Datenschutzerkl\u00e4rung gilt auch f\u00fcr meine Websites und Sozial-Media-Profile. Bez\u00fcglich der Definition von Begriffen wie etwa \u201epersonenbezogene Daten\u201c oder \u201eVerarbeitung\u201c verweise ich auf Art. 4 &hellip; <\/p>\n<p class=\"link-more\"><a href=\"https:\/\/www.plontke-online.de\/blog\/index.php\/datenschutzerklaerung\/\" class=\"more-link\"><span class=\"screen-reader-text\">\u201eDatenschutzerkl\u00e4rung\u201c <\/span>weiterlesen<\/a><\/p>\n","protected":false},"author":1,"featured_media":0,"parent":0,"menu_order":0,"comment_status":"closed","ping_status":"closed","template":"","meta":{"_crdt_document":"","footnotes":""},"class_list":["post-479","page","type-page","status-publish","hentry"],"_links":{"self":[{"href":"https:\/\/www.plontke-online.de\/blog\/index.php\/wp-json\/wp\/v2\/pages\/479","targetHints":{"allow":["GET"]}}],"collection":[{"href":"https:\/\/www.plontke-online.de\/blog\/index.php\/wp-json\/wp\/v2\/pages"}],"about":[{"href":"https:\/\/www.plontke-online.de\/blog\/index.php\/wp-json\/wp\/v2\/types\/page"}],"author":[{"embeddable":true,"href":"https:\/\/www.plontke-online.de\/blog\/index.php\/wp-json\/wp\/v2\/users\/1"}],"replies":[{"embeddable":true,"href":"https:\/\/www.plontke-online.de\/blog\/index.php\/wp-json\/wp\/v2\/comments?post=479"}],"version-history":[{"count":20,"href":"https:\/\/www.plontke-online.de\/blog\/index.php\/wp-json\/wp\/v2\/pages\/479\/revisions"}],"predecessor-version":[{"id":886,"href":"https:\/\/www.plontke-online.de\/blog\/index.php\/wp-json\/wp\/v2\/pages\/479\/revisions\/886"}],"wp:attachment":[{"href":"https:\/\/www.plontke-online.de\/blog\/index.php\/wp-json\/wp\/v2\/media?parent=479"}],"curies":[{"name":"wp","href":"https:\/\/api.w.org\/{rel}","templated":true}]}}