{"id":174,"date":"2020-01-31T06:28:28","date_gmt":"2020-01-31T06:28:28","guid":{"rendered":"http:\/\/www.plontke-online.de\/myloginbox\/manual\/?page_id=174"},"modified":"2020-01-31T07:28:02","modified_gmt":"2020-01-31T07:28:02","slug":"myloginbox-privacy","status":"publish","type":"page","link":"https:\/\/www.plontke-online.de\/myloginbox\/manual\/myloginbox-privacy\/","title":{"rendered":"MyLoginBox Privacy"},"content":{"rendered":"\n<h2 class=\"wp-block-heading\">Datenschutzerkl\u00e4rung<\/h2>\n\n\n\n<p>MyLoginBox ist eine Passwortverwaltung f\u00fcr Android, die Zugangsdaten  sicher und verschl\u00fcsselt speichert. Alle erfassten Passw\u00f6rter des Nutzers werden mit einem einzigen Master-Passwort verschl\u00fcsselt und k\u00f6nnen nur damit entschl\u00fcsselt werden. Die Daten werden nur lokal gespeichert. Es werden keine Daten ins Internet \u00fcbertragen. Bei Verlust des Ger\u00e4ts sind die Daten gesch\u00fctzt, da die Datenbank ohne das Master-Passwort nicht ausgelesen werden kann. <\/p>\n\n\n\n<h3 class=\"wp-block-heading\">Kontakt<\/h3>\n\n\n\n<p>Ronny Plontke<br>Knaum\u00fchlenweg 51<br>09212 Limbach-Oberfrohna<\/p>\n\n\n\n<p>Germany        <\/p>\n\n\n\n<p>myloginbox  (at)  plontke-online (.) de <\/p>\n\n\n\n<h3 class=\"wp-block-heading\">Beschreibung der Datenarten, die von der App erhoben werden (Zugriffsrechte) <\/h3>\n\n\n\n<ul class=\"wp-block-list\"><li>Biometrische Daten (Fingerabdruck) lesen<\/li><li>Lesen\/Schreiben von Dateien <\/li><\/ul>\n\n\n\n<h3 class=\"wp-block-heading\">Erkl\u00e4rung des Zwecks f\u00fcr den diese Daten erhoben werden <\/h3>\n\n\n\n<p>Die App verwaltet die erfassten Passw\u00f6rter und Zugangsdaten des Nutzers.<\/p>\n\n\n\n<ul class=\"wp-block-list\"><li>Biometrische Daten (Fingerabdruck) werden zur sicheren Authentifizierung verwendet.<\/li><li>Lesen\/Schreiben von Dateien wird zum Import\/Export der erfassten  Daten verwendet. Damit wird es m\u00f6glich, die Daten auf ein anderes Ger\u00e4t  zu migrieren. <\/li><\/ul>\n\n\n\n<h3 class=\"wp-block-heading\">Information \u00fcber \u00dcbermittlung an Dritte<\/h3>\n\n\n\n<p>Die erfassten Daten werden nur lokal auf dem Ger\u00e4t gespeichert und nicht an Dritte \u00fcbermittelt. Die App verlangt keinen Internetzugriff. <\/p>\n\n\n\n<h3 class=\"wp-block-heading\">Speicherdauer <\/h3>\n\n\n\n<p>Die erfassten Daten werden unbegrenzt auf dem Ger\u00e4t gespeichert. Es sei  denn, der Nutzer l\u00f6scht die Daten explizit.  Die Daten werden verschl\u00fcsselt im gesch\u00fctzten Nutzerbereich des Ger\u00e4ts  in einer Datenbank gespeichert und k\u00f6nnen mittels  &#8222;Einstellungen\/Apps\/MyLoginBox\/Daten l\u00f6schen&#8220; gel\u00f6scht werden. Die Daten werden mit dem Master-Passwort des Benutzers verschl\u00fcsselt und k\u00f6nnen nur damit entschl\u00fcsselt werden. Die Verschl\u00fcsselung erfolgt  mit Advanced Encryption Standard (AES-256 mit SHA-256 key transform). <\/p>\n\n\n\n<div><br><\/div>\n\n\n\n<p><em> Datum der Erstellung: 20.01.2020 <\/em><\/p>\n","protected":false},"excerpt":{"rendered":"<p>Datenschutzerkl\u00e4rung MyLoginBox ist eine Passwortverwaltung f\u00fcr Android, die Zugangsdaten sicher und verschl\u00fcsselt speichert. Alle erfassten Passw\u00f6rter des Nutzers werden mit einem einzigen Master-Passwort verschl\u00fcsselt und k\u00f6nnen nur damit entschl\u00fcsselt werden. Die Daten werden nur lokal gespeichert. Es werden keine Daten ins Internet \u00fcbertragen. Bei Verlust des Ger\u00e4ts sind die Daten gesch\u00fctzt, da die Datenbank ohne [&hellip;]<\/p>\n","protected":false},"author":1,"featured_media":0,"parent":0,"menu_order":0,"comment_status":"closed","ping_status":"closed","template":"","meta":{"footnotes":""},"class_list":["post-174","page","type-page","status-publish","hentry"],"_links":{"self":[{"href":"https:\/\/www.plontke-online.de\/myloginbox\/manual\/wp-json\/wp\/v2\/pages\/174","targetHints":{"allow":["GET"]}}],"collection":[{"href":"https:\/\/www.plontke-online.de\/myloginbox\/manual\/wp-json\/wp\/v2\/pages"}],"about":[{"href":"https:\/\/www.plontke-online.de\/myloginbox\/manual\/wp-json\/wp\/v2\/types\/page"}],"author":[{"embeddable":true,"href":"https:\/\/www.plontke-online.de\/myloginbox\/manual\/wp-json\/wp\/v2\/users\/1"}],"replies":[{"embeddable":true,"href":"https:\/\/www.plontke-online.de\/myloginbox\/manual\/wp-json\/wp\/v2\/comments?post=174"}],"version-history":[{"count":11,"href":"https:\/\/www.plontke-online.de\/myloginbox\/manual\/wp-json\/wp\/v2\/pages\/174\/revisions"}],"predecessor-version":[{"id":185,"href":"https:\/\/www.plontke-online.de\/myloginbox\/manual\/wp-json\/wp\/v2\/pages\/174\/revisions\/185"}],"wp:attachment":[{"href":"https:\/\/www.plontke-online.de\/myloginbox\/manual\/wp-json\/wp\/v2\/media?parent=174"}],"curies":[{"name":"wp","href":"https:\/\/api.w.org\/{rel}","templated":true}]}}